{"id":41,"date":"2025-07-07T12:33:38","date_gmt":"2025-07-07T10:33:38","guid":{"rendered":"https:\/\/lionguard.nl\/?page_id=41"},"modified":"2025-07-28T15:51:06","modified_gmt":"2025-07-28T13:51:06","slug":"over-ons","status":"publish","type":"page","link":"https:\/\/lionguard.nl\/?page_id=41","title":{"rendered":"Over Ons"},"content":{"rendered":"\t\t<div data-elementor-type=\"wp-page\" data-elementor-id=\"41\" class=\"elementor elementor-41\" data-elementor-post-type=\"page\">\n\t\t\t\t<div class=\"elementor-element elementor-element-246abb7 e-flex e-con-boxed e-con e-parent\" data-id=\"246abb7\" data-element_type=\"container\" data-e-type=\"container\">\n\t\t\t\t\t<div class=\"e-con-inner\">\n\t\t<div class=\"elementor-element elementor-element-e4be362 e-con-full e-flex e-con e-child\" data-id=\"e4be362\" data-element_type=\"container\" data-e-type=\"container\">\n\t\t\t\t<div class=\"elementor-element elementor-element-e18f524 elementor-widget elementor-widget-heading\" data-id=\"e18f524\" data-element_type=\"widget\" data-e-type=\"widget\" data-widget_type=\"heading.default\">\n\t\t\t\t<div class=\"elementor-widget-container\">\n\t\t\t\t\t<h2 class=\"elementor-heading-title elementor-size-default\">Over Lionguard.nl: Uw partner in maatwerk beveiliging\n\n<\/h2>\t\t\t\t<\/div>\n\t\t\t\t<\/div>\n\t\t\t\t<div class=\"elementor-element elementor-element-9cebd73 elementor-widget elementor-widget-text-editor\" data-id=\"9cebd73\" data-element_type=\"widget\" data-e-type=\"widget\" data-widget_type=\"text-editor.default\">\n\t\t\t\t<div class=\"elementor-widget-container\">\n\t\t\t\t\t\t\t\t\t<p>Lionguard.nl is een particulier beveiligings- en recherchebedrijf dat gespecialiseerd is in het leveren van op maat gemaakte beveiligings- en veiligheidsoplossingen voor zowel bedrijven als particulieren. In een wereld die steeds sneller verandert, begrijpen wij dat veiligheid niet \u00e9\u00e9n maat voor iedereen is. Daarom bieden wij geen standaardoplossingen, maar cre\u00ebren we strategie\u00ebn die volledig zijn afgestemd op de specifieke behoeften en risico\u2019s van onze klanten.<\/p><p>Met een team van ervaren professionals die zich volledig inzetten voor discretie, betrouwbaarheid en controle, staan wij altijd klaar om u te ondersteunen bij elke beveiligingsvraag.<\/p>\t\t\t\t\t\t\t\t<\/div>\n\t\t\t\t<\/div>\n\t\t\t\t<\/div>\n\t\t\t\t\t<\/div>\n\t\t\t\t<\/div>\n\t\t<div class=\"elementor-element elementor-element-f689dc8 e-flex e-con-boxed e-con e-parent\" data-id=\"f689dc8\" data-element_type=\"container\" data-e-type=\"container\">\n\t\t\t\t\t<div class=\"e-con-inner\">\n\t\t<div class=\"elementor-element elementor-element-16b7c59 e-con-full e-flex e-con e-child\" data-id=\"16b7c59\" data-element_type=\"container\" data-e-type=\"container\">\n\t\t\t\t<div class=\"elementor-element elementor-element-2891759 elementor-widget elementor-widget-heading\" data-id=\"2891759\" data-element_type=\"widget\" data-e-type=\"widget\" data-widget_type=\"heading.default\">\n\t\t\t\t<div class=\"elementor-widget-container\">\n\t\t\t\t\t<h2 class=\"elementor-heading-title elementor-size-default\">Onze Missie en Visie<\/h2>\t\t\t\t<\/div>\n\t\t\t\t<\/div>\n\t\t\t\t<div class=\"elementor-element elementor-element-cd019be elementor-widget elementor-widget-text-editor\" data-id=\"cd019be\" data-element_type=\"widget\" data-e-type=\"widget\" data-widget_type=\"text-editor.default\">\n\t\t\t\t<div class=\"elementor-widget-container\">\n\t\t\t\t\t\t\t\t\t<p><strong>Missie:<\/strong><br \/>Onze missie is om rust en veiligheid te bieden in een wereld die steeds onzekerder wordt. Wij bieden beveiligingsoplossingen die verder gaan dan de standaard, met een focus op maatwerk en discretie. Ons doel is om uw veiligheid te waarborgen, zodat u zich zonder zorgen kunt concentreren op wat voor u belangrijk is.<\/p><p><strong>Visie:<\/strong><br \/>Onze visie is om de vertrouwde partner te zijn voor zowel bedrijven als particulieren die op zoek zijn naar betrouwbare en op maat gemaakte beveiliging. Wij streven ernaar de meest professionele, discreet werkende en klantgerichte beveiligingsoplossingen te leveren in de branche.<\/p><h3><strong>Onze Kernwaarden<\/strong><\/h3><p><strong>Discretie:<br \/><\/strong>Wij begrijpen dat veiligheid vaak een persoonlijke zaak is. Daarom zorgen wij voor volledige discretie in alle facetten van ons werk.<\/p><p><strong>Zekerheid:<br \/><\/strong>Wij bieden betrouwbare en betrouwbare oplossingen, zodat u zich altijd veilig en zeker voelt.<\/p><p><strong>Controle:<br \/><\/strong>Wij zorgen ervoor dat u te allen tijde de controle behoudt over uw beveiliging, met transparante en flexibele oplossingen.<\/p><p><strong>Persoonlijke benadering:<br \/><\/strong>Wij luisteren naar uw wensen en werken samen met u aan de beste beveiligingsstrategie.<\/p><p><strong>Professionaliteit:<br \/><\/strong>Ons team bestaat uit ervaren professionals die altijd met de grootste zorgvuldigheid te werk gaan.<\/p>\t\t\t\t\t\t\t\t<\/div>\n\t\t\t\t<\/div>\n\t\t\t\t<\/div>\n\t\t\t\t\t<\/div>\n\t\t\t\t<\/div>\n\t\t<div class=\"elementor-element elementor-element-717a6c2 e-flex e-con-boxed e-con e-parent\" data-id=\"717a6c2\" data-element_type=\"container\" data-e-type=\"container\">\n\t\t\t\t\t<div class=\"e-con-inner\">\n\t\t<div class=\"elementor-element elementor-element-b1f920d e-con-full e-flex e-con e-child\" data-id=\"b1f920d\" data-element_type=\"container\" data-e-type=\"container\">\n\t\t\t\t<div class=\"elementor-element elementor-element-9c67c8b elementor-widget elementor-widget-heading\" data-id=\"9c67c8b\" data-element_type=\"widget\" data-e-type=\"widget\" data-widget_type=\"heading.default\">\n\t\t\t\t<div class=\"elementor-widget-container\">\n\t\t\t\t\t<h2 class=\"elementor-heading-title elementor-size-default\">Ons Team<\/h2>\t\t\t\t<\/div>\n\t\t\t\t<\/div>\n\t\t\t\t<div class=\"elementor-element elementor-element-845e475 elementor-widget elementor-widget-text-editor\" data-id=\"845e475\" data-element_type=\"widget\" data-e-type=\"widget\" data-widget_type=\"text-editor.default\">\n\t\t\t\t<div class=\"elementor-widget-container\">\n\t\t\t\t\t\t\t\t\t<p>Het succes van Lionguard.nl is te danken aan ons team van beveiligingsprofessionals, die dagelijks hun vakmanschap inzetten om u de best mogelijke service te bieden. Onze beveiligers zijn goed getraind en beschikken over de juiste vaardigheden om in verschillende beveiligingsomgevingen effectief te opereren. Van mobiele surveillance tot persoonsbeveiliging, ons team is altijd voorbereid om snel en effectief in te grijpen wanneer dat nodig is.<\/p>\t\t\t\t\t\t\t\t<\/div>\n\t\t\t\t<\/div>\n\t\t\t\t<\/div>\n\t\t\t\t\t<\/div>\n\t\t\t\t<\/div>\n\t\t\t\t<\/div>\n\t\t","protected":false},"excerpt":{"rendered":"<p>Over Lionguard.nl: Uw partner in maatwerk beveiliging Lionguard.nl is een particulier beveiligings- en recherchebedrijf dat gespecialiseerd is in het leveren van op maat gemaakte beveiligings- en veiligheidsoplossingen voor zowel bedrijven als particulieren. In een wereld die steeds sneller verandert, begrijpen wij dat veiligheid niet \u00e9\u00e9n maat voor iedereen is. Daarom bieden wij geen standaardoplossingen, maar [&hellip;]<\/p>\n","protected":false},"author":1,"featured_media":0,"parent":0,"menu_order":0,"comment_status":"closed","ping_status":"closed","template":"","meta":{"footnotes":""},"class_list":["post-41","page","type-page","status-publish","hentry"],"_links":{"self":[{"href":"https:\/\/lionguard.nl\/index.php?rest_route=\/wp\/v2\/pages\/41","targetHints":{"allow":["GET"]}}],"collection":[{"href":"https:\/\/lionguard.nl\/index.php?rest_route=\/wp\/v2\/pages"}],"about":[{"href":"https:\/\/lionguard.nl\/index.php?rest_route=\/wp\/v2\/types\/page"}],"author":[{"embeddable":true,"href":"https:\/\/lionguard.nl\/index.php?rest_route=\/wp\/v2\/users\/1"}],"replies":[{"embeddable":true,"href":"https:\/\/lionguard.nl\/index.php?rest_route=%2Fwp%2Fv2%2Fcomments&post=41"}],"version-history":[{"count":4,"href":"https:\/\/lionguard.nl\/index.php?rest_route=\/wp\/v2\/pages\/41\/revisions"}],"predecessor-version":[{"id":145,"href":"https:\/\/lionguard.nl\/index.php?rest_route=\/wp\/v2\/pages\/41\/revisions\/145"}],"wp:attachment":[{"href":"https:\/\/lionguard.nl\/index.php?rest_route=%2Fwp%2Fv2%2Fmedia&parent=41"}],"curies":[{"name":"wp","href":"https:\/\/api.w.org\/{rel}","templated":true}]}}